{"id":101,"date":"2020-12-17T18:35:13","date_gmt":"2020-12-17T17:35:13","guid":{"rendered":"http:\/\/thebigsweetone.com\/?page_id=101"},"modified":"2020-12-18T15:44:48","modified_gmt":"2020-12-18T14:44:48","slug":"the-big-sweet-one","status":"publish","type":"page","link":"https:\/\/thebigsweetone.com\/","title":{"rendered":"THE BIG SWEET ONE :"},"content":{"rendered":"\n<p>Gestion d&#8217;entreprises bas\u00e9e \u00e0 Bordeaux, sp\u00e9cialis\u00e9e dans le conseil et l&#8217;op\u00e9rationnel de la  restauration et l&#8217; h\u00f4tellerie. <\/p>\n\n\n\n<p>G\u00e9rant du CENT33, CENT33 TOGO, et la SCI Lettuce FEED U .<\/p>\n\n\n\n<figure class=\"wp-block-gallery columns-3 is-cropped\"><ul class=\"blocks-gallery-grid\"><li class=\"blocks-gallery-item\"><figure><img loading=\"lazy\" width=\"1024\" height=\"724\" src=\"http:\/\/thebigsweetone.com\/wp-content\/uploads\/2020\/12\/CENT33-LOGO-2-1-1024x724.png\" alt=\"\" data-id=\"108\" data-full-url=\"http:\/\/thebigsweetone.com\/wp-content\/uploads\/2020\/12\/CENT33-LOGO-2-1.png\" data-link=\"http:\/\/thebigsweetone.com\/index.php\/the-big-sweet-one\/cent33-logo-2-1\/\" class=\"wp-image-108\" srcset=\"https:\/\/thebigsweetone.com\/wp-content\/uploads\/2020\/12\/CENT33-LOGO-2-1-1024x724.png 1024w, https:\/\/thebigsweetone.com\/wp-content\/uploads\/2020\/12\/CENT33-LOGO-2-1-300x212.png 300w, https:\/\/thebigsweetone.com\/wp-content\/uploads\/2020\/12\/CENT33-LOGO-2-1-768x543.png 768w, https:\/\/thebigsweetone.com\/wp-content\/uploads\/2020\/12\/CENT33-LOGO-2-1-1536x1086.png 1536w, https:\/\/thebigsweetone.com\/wp-content\/uploads\/2020\/12\/CENT33-LOGO-2-1-2048x1448.png 2048w\" sizes=\"(max-width: 767px) 89vw, (max-width: 1000px) 54vw, (max-width: 1071px) 543px, 580px\" \/><\/figure><\/li><li class=\"blocks-gallery-item\"><figure><img loading=\"lazy\" width=\"707\" height=\"688\" src=\"http:\/\/thebigsweetone.com\/wp-content\/uploads\/2020\/12\/IMG_2931.jpg\" alt=\"\" data-id=\"109\" data-full-url=\"http:\/\/thebigsweetone.com\/wp-content\/uploads\/2020\/12\/IMG_2931.jpg\" data-link=\"http:\/\/thebigsweetone.com\/index.php\/the-big-sweet-one\/img_2931\/\" class=\"wp-image-109\" srcset=\"https:\/\/thebigsweetone.com\/wp-content\/uploads\/2020\/12\/IMG_2931.jpg 707w, https:\/\/thebigsweetone.com\/wp-content\/uploads\/2020\/12\/IMG_2931-300x292.jpg 300w\" sizes=\"(max-width: 707px) 100vw, 707px\" \/><\/figure><\/li><li class=\"blocks-gallery-item\"><figure><img src=\"http:\/\/thebigsweetone.com\/wp-content\/uploads\/2020\/12\/logo-lettuce-feed-u.jpg\" alt=\"\" data-id=\"132\" data-link=\"http:\/\/thebigsweetone.com\/index.php\/the-big-sweet-one\/logo-lettuce-feed-u\/\" class=\"wp-image-132\"\/><\/figure><\/li><\/ul><\/figure>\n\n\n\n<div class=\"wp-block-buttons aligncenter\">\n<div class=\"wp-block-button is-style-outline\"><a class=\"wp-block-button__link\" href=\"https:\/\/cent33.com\" target=\"_blank\" rel=\"noreferrer noopener\"><strong>Restaurant CENT 33 Bordeaux<\/strong><\/a><\/div>\n\n\n\n<div class=\"wp-block-button is-style-outline\"><a class=\"wp-block-button__link\" href=\"https:\/\/cent33.com\/#clic-and-go\" target=\"_blank\" rel=\"noreferrer noopener\"><strong>Restaurant CENT 33 TO GO<\/strong><\/a><\/div>\n<\/div>\n","protected":false},"excerpt":{"rendered":"<p>Gestion d&#8217;entreprises bas\u00e9e \u00e0 Bordeaux, sp\u00e9cialis\u00e9e dans le conseil et l&#8217;op\u00e9rationnel de la restauration et l&#8217; h\u00f4tellerie. G\u00e9rant du CENT33, CENT33 TOGO, et la SCI Lettuce FEED U .<\/p>\n","protected":false},"author":1,"featured_media":126,"parent":0,"menu_order":0,"comment_status":"closed","ping_status":"closed","template":"","meta":[],"_links":{"self":[{"href":"https:\/\/thebigsweetone.com\/index.php\/wp-json\/wp\/v2\/pages\/101"}],"collection":[{"href":"https:\/\/thebigsweetone.com\/index.php\/wp-json\/wp\/v2\/pages"}],"about":[{"href":"https:\/\/thebigsweetone.com\/index.php\/wp-json\/wp\/v2\/types\/page"}],"author":[{"embeddable":true,"href":"https:\/\/thebigsweetone.com\/index.php\/wp-json\/wp\/v2\/users\/1"}],"replies":[{"embeddable":true,"href":"https:\/\/thebigsweetone.com\/index.php\/wp-json\/wp\/v2\/comments?post=101"}],"version-history":[{"count":12,"href":"https:\/\/thebigsweetone.com\/index.php\/wp-json\/wp\/v2\/pages\/101\/revisions"}],"predecessor-version":[{"id":138,"href":"https:\/\/thebigsweetone.com\/index.php\/wp-json\/wp\/v2\/pages\/101\/revisions\/138"}],"wp:featuredmedia":[{"embeddable":true,"href":"https:\/\/thebigsweetone.com\/index.php\/wp-json\/wp\/v2\/media\/126"}],"wp:attachment":[{"href":"https:\/\/thebigsweetone.com\/index.php\/wp-json\/wp\/v2\/media?parent=101"}],"curies":[{"name":"wp","href":"https:\/\/api.w.org\/{rel}","templated":true}]}}